{"id":1949,"date":"2022-09-12T07:34:04","date_gmt":"2022-09-12T06:34:04","guid":{"rendered":"https:\/\/neukirch-sachsen.de\/?page_id=1949"},"modified":"2022-10-12T19:44:27","modified_gmt":"2022-10-12T18:44:27","slug":"oktoberfest","status":"publish","type":"page","link":"https:\/\/neukirch-sachsen.de\/?page_id=1949","title":{"rendered":"Oktoberfest in Neukirch &#8211; Ticketreservierung"},"content":{"rendered":"\n<p>Hier k\u00f6nnt ihr Tickets f\u00fcr den Abend reservieren, welche dann an der Abendkasse bezahlt und abgeholt werden. Dieser Service ist kostenlos f\u00fcr euch.<\/p>\n\n\n\n<p>Die Tischreservierung ist leider nicht mehr m\u00f6glich. Alle \u00fcbrigen Tickets sind Flaniertickets aber es wird auch einige Stehtische geben.<\/p>\n\n\n\n<figure class=\"wp-block-image size-medium is-resized\"><img loading=\"lazy\" decoding=\"async\" src=\"https:\/\/neukirch-sachsen.de\/wp-content\/uploads\/2022\/09\/Oktoberfest-2022-212x300.jpg\" alt=\"\" class=\"wp-image-2008\" width=\"356\" height=\"504\" srcset=\"https:\/\/neukirch-sachsen.de\/wp-content\/uploads\/2022\/09\/Oktoberfest-2022-212x300.jpg 212w, https:\/\/neukirch-sachsen.de\/wp-content\/uploads\/2022\/09\/Oktoberfest-2022-724x1024.jpg 724w, https:\/\/neukirch-sachsen.de\/wp-content\/uploads\/2022\/09\/Oktoberfest-2022-768x1086.jpg 768w, https:\/\/neukirch-sachsen.de\/wp-content\/uploads\/2022\/09\/Oktoberfest-2022-1086x1536.jpg 1086w, https:\/\/neukirch-sachsen.de\/wp-content\/uploads\/2022\/09\/Oktoberfest-2022.jpg 1240w\" sizes=\"auto, (max-width: 356px) 100vw, 356px\" \/><\/figure>\n","protected":false},"excerpt":{"rendered":"<p>Hier k\u00f6nnt ihr Tickets f\u00fcr den Abend reservieren, welche dann an der Abendkasse bezahlt und abgeholt werden. Dieser Service ist kostenlos f\u00fcr euch. Die Tischreservierung ist leider nicht mehr m\u00f6glich. Alle \u00fcbrigen Tickets sind Flaniertickets aber es wird auch einige &hellip; <a href=\"https:\/\/neukirch-sachsen.de\/?page_id=1949\">Weiterlesen <span class=\"meta-nav\">&rarr;<\/span><\/a><\/p>\n","protected":false},"author":1,"featured_media":2008,"parent":0,"menu_order":0,"comment_status":"closed","ping_status":"closed","template":"","meta":{"_uag_custom_page_level_css":"","ngg_post_thumbnail":0,"footnotes":""},"class_list":["post-1949","page","type-page","status-publish","has-post-thumbnail","hentry"],"uagb_featured_image_src":{"full":["https:\/\/neukirch-sachsen.de\/wp-content\/uploads\/2022\/09\/Oktoberfest-2022.jpg",1240,1754,false],"thumbnail":["https:\/\/neukirch-sachsen.de\/wp-content\/uploads\/2022\/09\/Oktoberfest-2022-150x150.jpg",150,150,true],"medium":["https:\/\/neukirch-sachsen.de\/wp-content\/uploads\/2022\/09\/Oktoberfest-2022-212x300.jpg",212,300,true],"medium_large":["https:\/\/neukirch-sachsen.de\/wp-content\/uploads\/2022\/09\/Oktoberfest-2022-768x1086.jpg",640,905,true],"large":["https:\/\/neukirch-sachsen.de\/wp-content\/uploads\/2022\/09\/Oktoberfest-2022-724x1024.jpg",640,905,true],"1536x1536":["https:\/\/neukirch-sachsen.de\/wp-content\/uploads\/2022\/09\/Oktoberfest-2022-1086x1536.jpg",1086,1536,true],"2048x2048":["https:\/\/neukirch-sachsen.de\/wp-content\/uploads\/2022\/09\/Oktoberfest-2022.jpg",1240,1754,false],"ultp_layout_landscape_large":["https:\/\/neukirch-sachsen.de\/wp-content\/uploads\/2022\/09\/Oktoberfest-2022-1200x800.jpg",1200,800,true],"ultp_layout_landscape":["https:\/\/neukirch-sachsen.de\/wp-content\/uploads\/2022\/09\/Oktoberfest-2022-870x570.jpg",870,570,true],"ultp_layout_portrait":["https:\/\/neukirch-sachsen.de\/wp-content\/uploads\/2022\/09\/Oktoberfest-2022-600x900.jpg",600,900,true],"ultp_layout_square":["https:\/\/neukirch-sachsen.de\/wp-content\/uploads\/2022\/09\/Oktoberfest-2022-600x600.jpg",600,600,true],"post-thumbnail":["https:\/\/neukirch-sachsen.de\/wp-content\/uploads\/2022\/09\/Oktoberfest-2022-940x198.jpg",940,198,true]},"uagb_author_info":{"display_name":"Neukircher","author_link":"https:\/\/neukirch-sachsen.de\/?author=1"},"uagb_comment_info":0,"uagb_excerpt":"Hier k\u00f6nnt ihr Tickets f\u00fcr den Abend reservieren, welche dann an der Abendkasse bezahlt und abgeholt werden. Dieser Service ist kostenlos f\u00fcr euch. Die Tischreservierung ist leider nicht mehr m\u00f6glich. Alle \u00fcbrigen Tickets sind Flaniertickets aber es wird auch einige &hellip; Weiterlesen &rarr;","_links":{"self":[{"href":"https:\/\/neukirch-sachsen.de\/index.php?rest_route=\/wp\/v2\/pages\/1949","targetHints":{"allow":["GET"]}}],"collection":[{"href":"https:\/\/neukirch-sachsen.de\/index.php?rest_route=\/wp\/v2\/pages"}],"about":[{"href":"https:\/\/neukirch-sachsen.de\/index.php?rest_route=\/wp\/v2\/types\/page"}],"author":[{"embeddable":true,"href":"https:\/\/neukirch-sachsen.de\/index.php?rest_route=\/wp\/v2\/users\/1"}],"replies":[{"embeddable":true,"href":"https:\/\/neukirch-sachsen.de\/index.php?rest_route=%2Fwp%2Fv2%2Fcomments&post=1949"}],"version-history":[{"count":18,"href":"https:\/\/neukirch-sachsen.de\/index.php?rest_route=\/wp\/v2\/pages\/1949\/revisions"}],"predecessor-version":[{"id":2103,"href":"https:\/\/neukirch-sachsen.de\/index.php?rest_route=\/wp\/v2\/pages\/1949\/revisions\/2103"}],"wp:featuredmedia":[{"embeddable":true,"href":"https:\/\/neukirch-sachsen.de\/index.php?rest_route=\/wp\/v2\/media\/2008"}],"wp:attachment":[{"href":"https:\/\/neukirch-sachsen.de\/index.php?rest_route=%2Fwp%2Fv2%2Fmedia&parent=1949"}],"curies":[{"name":"wp","href":"https:\/\/api.w.org\/{rel}","templated":true}]}}